{"id":164,"date":"2020-08-26T10:03:19","date_gmt":"2020-08-26T10:03:19","guid":{"rendered":"https:\/\/www.zoldfolt.hu\/?page_id=164"},"modified":"2020-08-26T10:03:19","modified_gmt":"2020-08-26T10:03:19","slug":"kontakt","status":"publish","type":"page","link":"https:\/\/www.zoldfolt.hu\/de\/kontakt\/","title":{"rendered":"Kontakt"},"content":{"rendered":"<p><strong>Z\u00f6ld Folt Egyes\u00fclet<\/strong><br \/>\n8747 Zalamerenye, Kossuth \u00fat 10.<br \/>\n<strong>Telefon:<\/strong> +36 30 949 0430<br \/>\n<strong>E-mail:<\/strong> zoldfolt@zoldfolt.hu<\/p>\n","protected":false},"excerpt":{"rendered":"<p>Z\u00f6ld Folt Egyes\u00fclet 8747 Zalamerenye, Kossuth \u00fat 10. Telefon: +36 30 949 0430 E-mail: zoldfolt@zoldfolt.hu<\/p>\n","protected":false},"author":1,"featured_media":0,"parent":0,"menu_order":0,"comment_status":"closed","ping_status":"closed","template":"","meta":{"footnotes":""},"class_list":["post-164","page","type-page","status-publish","hentry"],"_links":{"self":[{"href":"https:\/\/www.zoldfolt.hu\/de\/wp-json\/wp\/v2\/pages\/164","targetHints":{"allow":["GET"]}}],"collection":[{"href":"https:\/\/www.zoldfolt.hu\/de\/wp-json\/wp\/v2\/pages"}],"about":[{"href":"https:\/\/www.zoldfolt.hu\/de\/wp-json\/wp\/v2\/types\/page"}],"author":[{"embeddable":true,"href":"https:\/\/www.zoldfolt.hu\/de\/wp-json\/wp\/v2\/users\/1"}],"replies":[{"embeddable":true,"href":"https:\/\/www.zoldfolt.hu\/de\/wp-json\/wp\/v2\/comments?post=164"}],"version-history":[{"count":0,"href":"https:\/\/www.zoldfolt.hu\/de\/wp-json\/wp\/v2\/pages\/164\/revisions"}],"wp:attachment":[{"href":"https:\/\/www.zoldfolt.hu\/de\/wp-json\/wp\/v2\/media?parent=164"}],"curies":[{"name":"wp","href":"https:\/\/api.w.org\/{rel}","templated":true}]}}