{"id":162,"date":"2020-08-26T10:00:21","date_gmt":"2020-08-26T10:00:21","guid":{"rendered":"https:\/\/www.zoldfolt.hu\/?page_id=162"},"modified":"2020-08-26T10:00:21","modified_gmt":"2020-08-26T10:00:21","slug":"2016-2020","status":"publish","type":"page","link":"https:\/\/www.zoldfolt.hu\/de\/2016-2020\/","title":{"rendered":"2016-2020"},"content":{"rendered":"<p><img loading=\"lazy\" decoding=\"async\" class=\"alignright wp-image-43\" src=\"https:\/\/www.zoldfolt.hu\/files\/\/programjaink-450x338.jpg\" alt=\"\" width=\"300\" height=\"225\" srcset=\"https:\/\/www.zoldfolt.hu\/files\/programjaink-450x338.jpg 450w, https:\/\/www.zoldfolt.hu\/files\/programjaink-900x675.jpg 900w, https:\/\/www.zoldfolt.hu\/files\/programjaink.jpg 1200w\" sizes=\"auto, (max-width: 300px) 100vw, 300px\" \/>Das Ziel der Projekte des Vereins Gr\u00fcner Fleck &#8211; Innovative L\u00f6sungen f\u00fcr den L\u00e4ndlichen Raum ist, die Lebensumst\u00e4nde sowie die Position am Arbeitsmarkt von Menschen, die in den Orten rund um Kis-Balaton wohnen, zu verbessern. Au\u00dferdem soll sich das Wirtschaftspotential der Region verbessern, und zwar so, dass dabei die durch das nat\u00fcrliche Umfeld gew\u00e4hrten M\u00f6glichkeiten eine f\u00f6rdernde Rolle spielen. Unsere F\u00f6rderantr\u00e4ge werden im Sinne unserer komplexen umweltbewussten Ideen f\u00fcr die wirtschaftliche Entwicklung, durch die Kombination vom Konsum regionaler Produkte, der Nutzung von erneuerbaren Energietr\u00e4gern und von Ressourcen aus der Region zu touristischen Zwecken, herausgearbeitet. Dadurch k\u00f6nnen Einnahmequellen f\u00fcr die Fundamentierung weiterer Entwicklungsma\u00dfnahmen geschaffen werden, w\u00e4hrend der Schaffung von Arbeitsm\u00f6glichkeiten in einer Region, wo sich kleine D\u00f6rfer befinden, geholfen wird.<\/p>\n<p>Im Rahmen der Ausschreibung \u201eZusammengezogene F\u00f6rdermittel, die f\u00fcr die Sicherstellung des Betriebs von Nichtregierungsorganisationen oder die Umsetzung ihrer Fachprogramme und die Sicherstellung ihres Betriebes eingesetzt werden k\u00f6nnen 2020\u201c Nr. <strong>NEA-KK-20-O-V-0473<\/strong> mit Hilfe von Geldmitteln gew\u00e4hrt vom B\u00fcro des Premierministers in Bezug auf die Kollegs des Nationalen Fonds f\u00fcr Zusammenarbeit f\u00fcr das Jahr 2020 die Organisierung des Projektes \u201eGr\u00fcnes Licht f\u00fcr Gr\u00fcn\u201c und Umsetzung des Projektes auf regionaler Ebene<br \/>\n<strong>Zeitraum der Umsetzung:<\/strong> 1. April 2020 \u2013 31. M\u00e4rz 2021<br \/>\n<strong>F\u00f6rdermittel gew\u00e4hrt von:<\/strong> B\u00fcro des Premierministers, Nationaler Fonds f\u00fcr Zusammenarbeit<br \/>\n<strong>Betrag der F\u00f6rdermittel:<\/strong> 3.192.800.- HUF<\/p>\n<p>Im Rahmen der Ausschreibung \u201eZusammengezogene F\u00f6rdermittel, die f\u00fcr die Sicherstellung des Betriebs von Nichtregierungsorganisationen oder die Umsetzung ihrer Fachprogramme eingesetzt werden k\u00f6nnen 2019\u201c Nr. <strong>NEA-KK-19-\u00d6-V-0535<\/strong> mit Hilfe von Geldmitteln gew\u00e4hrt vom B\u00fcro des Premierministers in Bezug auf die Kollegs des Nationalen Fonds f\u00fcr Zusammenarbeit f\u00fcr das Jahr 2019 die Organisierung des Projektes \u201eDie Gr\u00fcne Chance\u201c und Umsetzung des Projektes auf regionaler Ebene<br \/>\n<strong>Zeitraum der Umsetzung:<\/strong> 1. April 2019 \u2013 31. M\u00e4rz 2020<br \/>\n<strong>F\u00f6rdermittel gew\u00e4hrt von:<\/strong> Nationaler Fonds f\u00fcr Zusammenarbeit<br \/>\n<strong>Betrag der F\u00f6rdermittel:<\/strong> 3.447.300.- HUF<\/p>\n<p>Im Rahmen der Ausschreibung mit dem Titel \u201eModelle f\u00fcr sanfte Regionalentwicklung in der Praxis\u201c f\u00fcr lokale Wirtschaftsentwicklungsprojekte, die im historischen Weinbaugebiet Tokaj-Hegyalja und der Beg\u00fcnstigten Urlaubsregion von Balaton umgesetzt werden sollen, die Umsetzung des Projektes Nr. 2016\/3719 mit der Bezeichnung \u201eDie Perle von Zala Ruheplatz\u201c<br \/>\n<strong>Megval\u00f3s\u00edt\u00e1s ideje:<\/strong> 2016. j\u00falius 31. \u2013 2016. okt\u00f3ber 31.<br \/>\n<strong>F\u00f6rdermittel gew\u00e4hrt von:<\/strong><br \/>\n<strong>Betrag der F\u00f6rdermittel:<\/strong> 5.940.000.- HUF<\/p>\n<p>Aufgrund der Verordnung Nr. 21\/2015 (17.4) vom Minister, der das B\u00fcro des Premierministers leitet, F\u00f6rdermittel die ab 2015 f\u00fcr die Entwicklung von Basisdienstleistungen f\u00fcr die l\u00e4ndliche Wirtschaft und die Bev\u00f6lkerung beansprucht werden k\u00f6nnen. Wir haben die F\u00f6rderung f\u00fcr die Umsetzung unseres Programms anhand der Entscheidung Nr. 1735289580 erhalten.<br \/>\n<strong>Zeitraum der Umsetzung:<\/strong> 1. Februar 2015 \u2013 31. Dezember 2015<br \/>\n<strong>F\u00f6rdermittel gew\u00e4hrt von:<\/strong> Europ\u00e4ischer Landwirtschaftsfonds f\u00fcr die Entwicklung des l\u00e4ndlichen Raums, der Minister, der das B\u00fcro des Premierministers leitet<br \/>\n<strong>Betrag der F\u00f6rdermittel:<\/strong> 10.124.350.- HUF<\/p>\n<p>Im Rahmen der Ausschreibung \u201eZusammengezogene F\u00f6rdermittel, die f\u00fcr die Sicherstellung des Betriebs von Nichtregierungsorganisationen oder die Umsetzung ihrer Fachprogramme eingesetzt werden k\u00f6nnen 2015\u201c Nr. <strong>NEA-KK-15-M-1510<\/strong> mit Hilfe von Geldmitteln gew\u00e4hrt vom B\u00fcro des Premierministers in Bezug auf die Kollegs des Nationalen Fonds f\u00fcr Zusammenarbeit f\u00fcr das Jahr 2015 die Organisierung des Projektes \u201eDie Gr\u00fcne Chance\u201c und Umsetzung des Projektes auf regionaler Ebene<br \/>\n<strong>Zeitraum der Umsetzung:<\/strong> 21. M\u00e4rz 2015 \u2013 20. M\u00e4rz 2016<br \/>\n<strong>F\u00f6rdermittel gew\u00e4hrt von:<\/strong> B\u00fcro des Premierministers, Nationaler Fonds f\u00fcr Zusammenarbeit <strong>A Betrag der F\u00f6rdermittel:<\/strong> 250.000.- HUF<\/p>\n","protected":false},"excerpt":{"rendered":"<p>Das Ziel der Projekte des Vereins Gr\u00fcner Fleck &#8211; Innovative L\u00f6sungen f\u00fcr den L\u00e4ndlichen Raum ist, die Lebensumst\u00e4nde sowie die Position am Arbeitsmarkt von Menschen, die in den Orten rund um Kis-Balaton wohnen, zu verbessern. Au\u00dferdem soll sich das Wirtschaftspotential der Region verbessern, und zwar so, dass dabei die durch das nat\u00fcrliche Umfeld gew\u00e4hrten M\u00f6glichkeiten <a href=\"https:\/\/www.zoldfolt.hu\/de\/2016-2020\/\" class=\"more-link\">&#8230;<\/a><\/p>\n","protected":false},"author":1,"featured_media":0,"parent":0,"menu_order":0,"comment_status":"closed","ping_status":"closed","template":"","meta":{"footnotes":""},"class_list":["post-162","page","type-page","status-publish","hentry"],"_links":{"self":[{"href":"https:\/\/www.zoldfolt.hu\/de\/wp-json\/wp\/v2\/pages\/162","targetHints":{"allow":["GET"]}}],"collection":[{"href":"https:\/\/www.zoldfolt.hu\/de\/wp-json\/wp\/v2\/pages"}],"about":[{"href":"https:\/\/www.zoldfolt.hu\/de\/wp-json\/wp\/v2\/types\/page"}],"author":[{"embeddable":true,"href":"https:\/\/www.zoldfolt.hu\/de\/wp-json\/wp\/v2\/users\/1"}],"replies":[{"embeddable":true,"href":"https:\/\/www.zoldfolt.hu\/de\/wp-json\/wp\/v2\/comments?post=162"}],"version-history":[{"count":0,"href":"https:\/\/www.zoldfolt.hu\/de\/wp-json\/wp\/v2\/pages\/162\/revisions"}],"wp:attachment":[{"href":"https:\/\/www.zoldfolt.hu\/de\/wp-json\/wp\/v2\/media?parent=162"}],"curies":[{"name":"wp","href":"https:\/\/api.w.org\/{rel}","templated":true}]}}