{"id":160,"date":"2020-08-26T09:46:12","date_gmt":"2020-08-26T09:46:12","guid":{"rendered":"https:\/\/www.zoldfolt.hu\/?page_id=160"},"modified":"2020-08-26T09:46:12","modified_gmt":"2020-08-26T09:46:12","slug":"wie-kann-ich-mich-dem-verein-anschliessen","status":"publish","type":"page","link":"https:\/\/www.zoldfolt.hu\/de\/wie-kann-ich-mich-dem-verein-anschliessen\/","title":{"rendered":"Wie kann ich mich dem verein anschliessen"},"content":{"rendered":"<p><strong><img loading=\"lazy\" decoding=\"async\" class=\"alignright wp-image-45\" src=\"https:\/\/www.zoldfolt.hu\/files\/\/hogyan-csatlakozhatok-450x300.jpg\" alt=\"\" width=\"300\" height=\"200\" srcset=\"https:\/\/www.zoldfolt.hu\/files\/hogyan-csatlakozhatok-450x300.jpg 450w, https:\/\/www.zoldfolt.hu\/files\/hogyan-csatlakozhatok-900x601.jpg 900w, https:\/\/www.zoldfolt.hu\/files\/hogyan-csatlakozhatok.jpg 1200w\" sizes=\"auto, (max-width: 300px) 100vw, 300px\" \/>Sehr geehrte potentielle Freiwillige,<\/strong><\/p>\n<p>habt ihr ein bisschen Freizeit? Vielleicht seid ihr nach den Herausforderungen des Alltags in der Schule und am Arbeitsplatz noch immer nicht \u00fcberm\u00fcdet und ihr m\u00f6chtet gerne helfen. Wenn ja, dann k\u00f6nnt ihr euch jetzt selbst beim Verein Gr\u00fcner Fleck auf die Probe stellen. Wenn ihr mit unserer Mission einverstanden seid und m\u00f6chtet gerne als Freiwillige bei uns arbeiten, dann geben wir euch die M\u00f6glichkeit, eure \u00fcbersch\u00fcssige Energien sinnvollerweise einzusetzen sowie eure Kreativit\u00e4t und andere F\u00e4higkeiten weiterzuentwickeln. W\u00fcrdet ihr gerne bei Veranstaltungen mithelfen? Wir haben mittlerweile die M\u00f6glichkeit, uns bei zahlreichen Veranstaltungen und Festivals durch unsere Publikationen, Programme sowie in kleineren Orten durch unsere Aktivit\u00e4ten im Bereich Begr\u00fcnung zu pr\u00e4sentieren. Wenn ihr unsere Ideen mit anderen teilen, Gespr\u00e4che mit interessierten Personen f\u00fchren und f\u00fcr eine gr\u00fcnere Region gemeinsam handeln m\u00f6chtet, dann kommt und helfet uns.<\/p>\n<p><strong>Wir brauchen dich!<\/strong><\/p>\n<ul>\n<li>Vorbereitung unserer Publikationen<\/li>\n<li>Umfragen<\/li>\n<li>Animation bei Veranstaltungen<\/li>\n<li>Gartenarbeit<\/li>\n<li>Verbreitung von Publikationen<\/li>\n<\/ul>\n<p><strong>Was bieten wir im Gegenzug? <\/strong><\/p>\n<ul>\n<li>Teilnahmem\u00f6glichkeit an den vom Verein Gr\u00fcner Fleck und den Partnerorganisationen organisierten Programmen;<\/li>\n<li>Erfahrungen sammeln in den Bereichen Kommunikation und Projektmanagement;<\/li>\n<li>Erfahrungen sammeln in den Bereichen Kommunikation und Projektmanagement;<\/li>\n<li>eine gute und aufgeschlossene Gemeinschaft.<\/li>\n<\/ul>\n<p><strong>Sei auch Du ein Freiwilliger!<\/strong><\/p>\n<p>Auch DU kannst uns bei der Arbeit helfen und Dich selbst beim Verein Gr\u00fcner Fleck auf die Probe stellen.<br \/>\nF\u00fcr mehr Informationen: zoldfolt@zoldfolt.hu<br \/>\nDeine Zeit geh\u00f6rt Dir und nur Du kannst dar\u00fcber verf\u00fcgen. Jede Minute, die Du unserem Verein widmest, jede Arbeit, die wir zusammen erledigen, bringt mehr Ergebnis, wof\u00fcr wir dankbar sind.<\/p>\n","protected":false},"excerpt":{"rendered":"<p>Sehr geehrte potentielle Freiwillige, habt ihr ein bisschen Freizeit? Vielleicht seid ihr nach den Herausforderungen des Alltags in der Schule und am Arbeitsplatz noch immer nicht \u00fcberm\u00fcdet und ihr m\u00f6chtet gerne helfen. Wenn ja, dann k\u00f6nnt ihr euch jetzt selbst beim Verein Gr\u00fcner Fleck auf die Probe stellen. Wenn ihr mit unserer Mission einverstanden seid <a href=\"https:\/\/www.zoldfolt.hu\/de\/wie-kann-ich-mich-dem-verein-anschliessen\/\" class=\"more-link\">&#8230;<\/a><\/p>\n","protected":false},"author":1,"featured_media":0,"parent":0,"menu_order":0,"comment_status":"closed","ping_status":"closed","template":"","meta":{"footnotes":""},"class_list":["post-160","page","type-page","status-publish","hentry"],"_links":{"self":[{"href":"https:\/\/www.zoldfolt.hu\/de\/wp-json\/wp\/v2\/pages\/160","targetHints":{"allow":["GET"]}}],"collection":[{"href":"https:\/\/www.zoldfolt.hu\/de\/wp-json\/wp\/v2\/pages"}],"about":[{"href":"https:\/\/www.zoldfolt.hu\/de\/wp-json\/wp\/v2\/types\/page"}],"author":[{"embeddable":true,"href":"https:\/\/www.zoldfolt.hu\/de\/wp-json\/wp\/v2\/users\/1"}],"replies":[{"embeddable":true,"href":"https:\/\/www.zoldfolt.hu\/de\/wp-json\/wp\/v2\/comments?post=160"}],"version-history":[{"count":0,"href":"https:\/\/www.zoldfolt.hu\/de\/wp-json\/wp\/v2\/pages\/160\/revisions"}],"wp:attachment":[{"href":"https:\/\/www.zoldfolt.hu\/de\/wp-json\/wp\/v2\/media?parent=160"}],"curies":[{"name":"wp","href":"https:\/\/api.w.org\/{rel}","templated":true}]}}