{"id":158,"date":"2020-08-26T09:40:57","date_gmt":"2020-08-26T09:40:57","guid":{"rendered":"https:\/\/www.zoldfolt.hu\/?page_id=158"},"modified":"2020-08-26T09:41:17","modified_gmt":"2020-08-26T09:41:17","slug":"bitte-unterstuetze-uns","status":"publish","type":"page","link":"https:\/\/www.zoldfolt.hu\/de\/bitte-unterstuetze-uns\/","title":{"rendered":"Bitte unterst\u00fctze uns"},"content":{"rendered":"<p><img loading=\"lazy\" decoding=\"async\" class=\"alignright size-medium wp-image-47\" src=\"https:\/\/www.zoldfolt.hu\/files\/\/tamogass-300x450.jpg\" alt=\"\" width=\"300\" height=\"450\" srcset=\"https:\/\/www.zoldfolt.hu\/files\/tamogass-300x450.jpg 300w, https:\/\/www.zoldfolt.hu\/files\/tamogass-601x900.jpg 601w, https:\/\/www.zoldfolt.hu\/files\/tamogass.jpg 801w\" sizes=\"auto, (max-width: 300px) 100vw, 300px\" \/>Wenn gesellschaftliches Engagement auch f\u00fcr Dich wichtig ist, wenn die Gegenwart und die Zukunft von Menschen, die rund um Kis-Balaton leben, auch f\u00fcr Dich von Bedeutung sind, wenn auch Du der Meinung bist, dass man eine \u201eGr\u00fcne\u201c Organisation, die ihre T\u00e4tigkeiten im Sinne der Menschen, die in der Region S\u00fcd-Zala leben, n\u00fctzlich und nachhaltig aus\u00fcbt, braucht,<br \/>\ndann bitte unterst\u00fctze uns.<\/p>\n<p><strong>Wie kannst Du uns unterst\u00fctzen?<\/strong><\/p>\n<ul>\n<li>Wir freuen uns \u00fcber Spenden, die auf unser Konto bei der OTP Bank \u00fcberwiesen werden:<br \/>\nOTP 11749015-20005540-00000000<br \/>\nBei internationalen \u00dcberweisungen:<br \/>\nIBAN: HU91 1174 9015 2000 5540 0000 0000, SWIFT: OTPVHUHB<br \/>\n(In der Hinweisrubrik bitte \u201eSpende\u201c angeben.)<\/li>\n<li>Wenn Du 1 % Deiner Einkommenssteuer anbieten m\u00f6chtest, hier ist unsere Steuernummer: \u202d18409095-1-20\u202c\u202c\u202c\u202c\u202c\u202c\u202c\u202c\u202c\u202c\u202c<\/li>\n<\/ul>\n<p>Vielen Dank!<\/p>\n<p>Mehr Informationen sind unter der E-Mail-Adresse zoldfolt@zoldfolt.hu erh\u00e4ltlich<\/p>\n","protected":false},"excerpt":{"rendered":"<p>Wenn gesellschaftliches Engagement auch f\u00fcr Dich wichtig ist, wenn die Gegenwart und die Zukunft von Menschen, die rund um Kis-Balaton leben, auch f\u00fcr Dich von Bedeutung sind, wenn auch Du der Meinung bist, dass man eine \u201eGr\u00fcne\u201c Organisation, die ihre T\u00e4tigkeiten im Sinne der Menschen, die in der Region S\u00fcd-Zala leben, n\u00fctzlich und nachhaltig aus\u00fcbt, <a href=\"https:\/\/www.zoldfolt.hu\/de\/bitte-unterstuetze-uns\/\" class=\"more-link\">&#8230;<\/a><\/p>\n","protected":false},"author":1,"featured_media":0,"parent":0,"menu_order":0,"comment_status":"closed","ping_status":"closed","template":"","meta":{"footnotes":""},"class_list":["post-158","page","type-page","status-publish","hentry"],"_links":{"self":[{"href":"https:\/\/www.zoldfolt.hu\/de\/wp-json\/wp\/v2\/pages\/158","targetHints":{"allow":["GET"]}}],"collection":[{"href":"https:\/\/www.zoldfolt.hu\/de\/wp-json\/wp\/v2\/pages"}],"about":[{"href":"https:\/\/www.zoldfolt.hu\/de\/wp-json\/wp\/v2\/types\/page"}],"author":[{"embeddable":true,"href":"https:\/\/www.zoldfolt.hu\/de\/wp-json\/wp\/v2\/users\/1"}],"replies":[{"embeddable":true,"href":"https:\/\/www.zoldfolt.hu\/de\/wp-json\/wp\/v2\/comments?post=158"}],"version-history":[{"count":0,"href":"https:\/\/www.zoldfolt.hu\/de\/wp-json\/wp\/v2\/pages\/158\/revisions"}],"wp:attachment":[{"href":"https:\/\/www.zoldfolt.hu\/de\/wp-json\/wp\/v2\/media?parent=158"}],"curies":[{"name":"wp","href":"https:\/\/api.w.org\/{rel}","templated":true}]}}