{"id":153,"date":"2020-08-26T09:32:49","date_gmt":"2020-08-26T09:32:49","guid":{"rendered":"https:\/\/www.zoldfolt.hu\/?page_id=153"},"modified":"2020-08-26T09:32:49","modified_gmt":"2020-08-26T09:32:49","slug":"unsere-taetigkeiten","status":"publish","type":"page","link":"https:\/\/www.zoldfolt.hu\/de\/unsere-taetigkeiten\/","title":{"rendered":"Unsere T\u00e4tigkeiten"},"content":{"rendered":"<h2><img loading=\"lazy\" decoding=\"async\" class=\"alignright wp-image-46\" src=\"https:\/\/www.zoldfolt.hu\/files\/\/tevekenysegeink-450x338.jpg\" alt=\"\" width=\"300\" height=\"225\" srcset=\"https:\/\/www.zoldfolt.hu\/files\/tevekenysegeink-450x338.jpg 450w, https:\/\/www.zoldfolt.hu\/files\/tevekenysegeink-900x675.jpg 900w, https:\/\/www.zoldfolt.hu\/files\/tevekenysegeink.jpg 1200w\" sizes=\"auto, (max-width: 300px) 100vw, 300px\" \/>Forschung und Strategiebildung<\/h2>\n<p>2014 f\u00fchrten wir ein, neun Orte umfassendes, Forschungsprojekt mit Unterst\u00fctzung des Ministeriums f\u00fcr Nationale Entwicklung durch. W\u00e4hrend der Erstellung der Studie \u00fcber die Untersuchung der \u00f6konomischen und \u00f6kologischen Nachhaltigkeit von Orten rund um Kis-Balaton haben wir \u2013 neben einer Bev\u00f6lkerungsumfrage \u2013 die Ideen der Kommunalverwaltungen unter Hinzuziehung der Entscheidungstr\u00e4ger der einzelnen Orte bewertet. Es wurde eine Studie \u00fcber die potentielle Nutzung erneuerbarer Energietr\u00e4ger in der Region unter Hinzuziehung der Georgikon-Fakult\u00e4t der Pannonischen Universit\u00e4t erstellt. 2015 haben wir bei der Planung der Strategie f\u00fcr die l\u00e4ndliche Entwicklung der Region im Rahmen des Programms \u201eInnovative S\u00fcd-Zala Region HACS\u201c mitgewirkt.<\/p>\n<h2>Wirtschaftsentwicklung mit dem Schwerpunkt \u00f6rtliche Gegebenheiten<\/h2>\n<p>Wir traten dem Projekt \u201e\u00dcbers Land\u201c, das im Rahmen des Programms f\u00fcr die Zusammenarbeit von LEADER-Regionen verwirklicht wurde, bei. Die Teilnehmer haben sich als das Ergebnis des Projektes Kenntnisse \u00fcber soziale genossenschaftliche Systeme angeeignet und sie haben gleichzeitig die Rahmen f\u00fcr den Betrieb von mehreren Genossenschaften, die in der Region ins Leben gerufen wurden, geschaffen. Die Vereinsf\u00fchrung hat sich auf der einen Seite dem Programm angeschlossen, auf der anderen Seite haben wir auch direkt an der Verwirklichung von Projektelementen in S\u00fcd-Zala teilgenommen und so der Gr\u00fcndung der Genossenschaft am Sitz des Vereins geholfen.<br \/>\n2016 und 2017 nahmen wir am Programm \u201eSanfte l\u00e4ndliche Entwicklung\u201c mit Erfolg teil. In diesem Rahmen erhielt das Geb\u00e4ude der alten Molkerei von Zalamerenye nach der Renovierung eine neue Funktion. Als ein Mehrzweckgeb\u00e4ude, wo die lokalen Reicht\u00fcmer pr\u00e4sentiert werden, spielt es eine wichtige Rolle als touristische Attraktion und auch als ein Treffpunkt f\u00fcr die Gemeinschaften aus der Region. Au\u00dferdem werden hier die administrativen T\u00e4tigkeiten des Vereins durchgef\u00fchrt.<\/p>\n<h2>Die Entwicklung des Kooperationsnetzwerkes<\/h2>\n<p>Wir haben neben der Entwicklung der Kooperationen mit den \u00f6rtlichen Gemeinden und Organisationen auch internationale Kontakte mit den Kommunalverwaltungen von Donja Dubrava in Kroatien und Nagyborosny\u00f3 in Siebenb\u00fcrgen sowie mit Organisationen aus \u00d6sterreich gekn\u00fcpft. Als Ergebnis dieser Bem\u00fchungen haben wir 2017 erfolgreich bei der Errichtung eines Kunstwerkes im \u00f6ffentlichen Raum, in dessen Fokus die Nachhaltigkeit steht, mitgewirkt.<\/p>\n<h2>Kampagnen und Organisierung von Veranstaltungen<\/h2>\n<p>Wir haben in den vergangenen Jahren oftmals Kinder aus Kinderg\u00e4rten und Schulen, Arbeitskollegen von Firmen sowie Gruppen von K\u00fcnstlern zu Gast gehabt. Wir haben ihnen das Naturerbe und das historische Erbe von Kis-Balaton gezeigt. Mit Hilfe von F\u00f6rdermitteln organisieren wir jedes Jahr Veranstaltungen mit Schwerpunkt auf Kis-Balaton oder wir schlie\u00dfen uns gr\u00f6\u00dferen Veranstaltungen, die von den einzelnen Orten organisiert werden, an.<\/p>\n","protected":false},"excerpt":{"rendered":"<p>Forschung und Strategiebildung 2014 f\u00fchrten wir ein, neun Orte umfassendes, Forschungsprojekt mit Unterst\u00fctzung des Ministeriums f\u00fcr Nationale Entwicklung durch. W\u00e4hrend der Erstellung der Studie \u00fcber die Untersuchung der \u00f6konomischen und \u00f6kologischen Nachhaltigkeit von Orten rund um Kis-Balaton haben wir \u2013 neben einer Bev\u00f6lkerungsumfrage \u2013 die Ideen der Kommunalverwaltungen unter Hinzuziehung der Entscheidungstr\u00e4ger der einzelnen Orte <a href=\"https:\/\/www.zoldfolt.hu\/de\/unsere-taetigkeiten\/\" class=\"more-link\">&#8230;<\/a><\/p>\n","protected":false},"author":1,"featured_media":0,"parent":0,"menu_order":0,"comment_status":"closed","ping_status":"closed","template":"","meta":{"footnotes":""},"class_list":["post-153","page","type-page","status-publish","hentry"],"_links":{"self":[{"href":"https:\/\/www.zoldfolt.hu\/de\/wp-json\/wp\/v2\/pages\/153","targetHints":{"allow":["GET"]}}],"collection":[{"href":"https:\/\/www.zoldfolt.hu\/de\/wp-json\/wp\/v2\/pages"}],"about":[{"href":"https:\/\/www.zoldfolt.hu\/de\/wp-json\/wp\/v2\/types\/page"}],"author":[{"embeddable":true,"href":"https:\/\/www.zoldfolt.hu\/de\/wp-json\/wp\/v2\/users\/1"}],"replies":[{"embeddable":true,"href":"https:\/\/www.zoldfolt.hu\/de\/wp-json\/wp\/v2\/comments?post=153"}],"version-history":[{"count":0,"href":"https:\/\/www.zoldfolt.hu\/de\/wp-json\/wp\/v2\/pages\/153\/revisions"}],"wp:attachment":[{"href":"https:\/\/www.zoldfolt.hu\/de\/wp-json\/wp\/v2\/media?parent=153"}],"curies":[{"name":"wp","href":"https:\/\/api.w.org\/{rel}","templated":true}]}}