{"id":150,"date":"2020-08-26T09:25:07","date_gmt":"2020-08-26T09:25:07","guid":{"rendered":"https:\/\/www.zoldfolt.hu\/?page_id=150"},"modified":"2020-08-26T09:25:07","modified_gmt":"2020-08-26T09:25:07","slug":"betaetigungsfelder-und-ziele","status":"publish","type":"page","link":"https:\/\/www.zoldfolt.hu\/de\/betaetigungsfelder-und-ziele\/","title":{"rendered":"Bet\u00e4tigungsfelder und Ziele"},"content":{"rendered":"<p>Der Verein hat sich zum Ziel gesetzt, die Lebensumst\u00e4nde, die soziale und wirtschaftliche Lage sowie die Position am Arbeitsmarkt von Menschen, die in den Orten rund um Kis-Balaton wohnen, zu verbessern, und zwar so, dass dabei die nat\u00fcrlichen Gegebenheiten und der nat\u00fcrliche Reichtum der Region ber\u00fccksichtigt werden und eine besondere \u00f6kologische Orientierung verwirklicht wird. Der Verein m\u00f6chte im Interesse der Entwicklung der Region zum Entstehen eines multilateralen Netzwerkes der Zusammenarbeit unter den Siedlungen, basierend auf den lokalen Reicht\u00fcmern, beitragen.<\/p>\n<p>Neben seinem Bet\u00e4tigungsfeld ist auch das geographische Umfeld der Aktivit\u00e4ten des Vereins vielschichtig. Die Programme des Vereins sind breitgef\u00e4chert, sie reichen von lokalen bis hin zu regionalen Programmen. Seine Aktivit\u00e4ten zeichnen sich nat\u00fcrlich auch durch \u00fcberregionale oder sogar internationale Kooperationen aus.<\/p>\n<p>Der Verein entfaltet seine T\u00e4tigkeiten unmittelbar in den unten stehenden Orten rund um Kis-Balaton:<\/p>\n<ul>\n<li><img loading=\"lazy\" decoding=\"async\" class=\"alignright wp-image-36 size-medium\" src=\"https:\/\/www.zoldfolt.hu\/files\/\/mukodesi-terulet-450x300.jpg\" alt=\"\" width=\"450\" height=\"300\" srcset=\"https:\/\/www.zoldfolt.hu\/files\/mukodesi-terulet-450x300.jpg 450w, https:\/\/www.zoldfolt.hu\/files\/mukodesi-terulet-900x601.jpg 900w, https:\/\/www.zoldfolt.hu\/files\/mukodesi-terulet-1536x1025.jpg 1536w, https:\/\/www.zoldfolt.hu\/files\/mukodesi-terulet.jpg 1600w\" sizes=\"auto, (max-width: 450px) 100vw, 450px\" \/><a href=\"http:\/\/www.balatonmagyarod.hu\/\">Balatonmagyar\u00f3d<\/a>,<\/li>\n<li><a href=\"http:\/\/galambok.hu\/\">Galambok<\/a>,<\/li>\n<li><a href=\"http:\/\/garabonc.hu\/\">Garabonc<\/a>,<\/li>\n<li><a href=\"http:\/\/nagyrada.hu\/\">Nagyrada<\/a>,<\/li>\n<li><a href=\"http:\/\/zalakaros.hu\/\">Zalakaros<\/a>,<\/li>\n<li><a href=\"http:\/\/zalakomar.hu\/\">Zalakom\u00e1r<\/a>,<\/li>\n<li><a href=\"http:\/\/www.zalamerenye.hu\/\">Zalamerenye<\/a>,<\/li>\n<li><a href=\"https:\/\/zalaszabar.hu\/\">Zalaszabar<\/a>,<\/li>\n<li><a href=\"https:\/\/zalavar.hu\/\">Zalav\u00e1r<\/a>.<\/li>\n<\/ul>\n","protected":false},"excerpt":{"rendered":"<p>Der Verein hat sich zum Ziel gesetzt, die Lebensumst\u00e4nde, die soziale und wirtschaftliche Lage sowie die Position am Arbeitsmarkt von Menschen, die in den Orten rund um Kis-Balaton wohnen, zu verbessern, und zwar so, dass dabei die nat\u00fcrlichen Gegebenheiten und der nat\u00fcrliche Reichtum der Region ber\u00fccksichtigt werden und eine besondere \u00f6kologische Orientierung verwirklicht wird. Der <a href=\"https:\/\/www.zoldfolt.hu\/de\/betaetigungsfelder-und-ziele\/\" class=\"more-link\">&#8230;<\/a><\/p>\n","protected":false},"author":1,"featured_media":0,"parent":0,"menu_order":0,"comment_status":"closed","ping_status":"closed","template":"","meta":{"footnotes":""},"class_list":["post-150","page","type-page","status-publish","hentry"],"_links":{"self":[{"href":"https:\/\/www.zoldfolt.hu\/de\/wp-json\/wp\/v2\/pages\/150","targetHints":{"allow":["GET"]}}],"collection":[{"href":"https:\/\/www.zoldfolt.hu\/de\/wp-json\/wp\/v2\/pages"}],"about":[{"href":"https:\/\/www.zoldfolt.hu\/de\/wp-json\/wp\/v2\/types\/page"}],"author":[{"embeddable":true,"href":"https:\/\/www.zoldfolt.hu\/de\/wp-json\/wp\/v2\/users\/1"}],"replies":[{"embeddable":true,"href":"https:\/\/www.zoldfolt.hu\/de\/wp-json\/wp\/v2\/comments?post=150"}],"version-history":[{"count":0,"href":"https:\/\/www.zoldfolt.hu\/de\/wp-json\/wp\/v2\/pages\/150\/revisions"}],"wp:attachment":[{"href":"https:\/\/www.zoldfolt.hu\/de\/wp-json\/wp\/v2\/media?parent=150"}],"curies":[{"name":"wp","href":"https:\/\/api.w.org\/{rel}","templated":true}]}}