{"id":147,"date":"2020-08-26T09:15:06","date_gmt":"2020-08-26T09:15:06","guid":{"rendered":"https:\/\/www.zoldfolt.hu\/?page_id=147"},"modified":"2020-08-26T09:18:17","modified_gmt":"2020-08-26T09:18:17","slug":"wir-stellen-uns-vor","status":"publish","type":"page","link":"https:\/\/www.zoldfolt.hu\/de\/wir-stellen-uns-vor\/","title":{"rendered":"Wir stellen uns vor"},"content":{"rendered":"<p><img loading=\"lazy\" decoding=\"async\" class=\"alignright wp-image-40\" src=\"https:\/\/www.zoldfolt.hu\/files\/\/bemutatkozas-450x338.jpg\" alt=\"\" width=\"300\" height=\"225\" srcset=\"https:\/\/www.zoldfolt.hu\/files\/bemutatkozas-450x338.jpg 450w, https:\/\/www.zoldfolt.hu\/files\/bemutatkozas-900x675.jpg 900w, https:\/\/www.zoldfolt.hu\/files\/bemutatkozas.jpg 1200w\" sizes=\"auto, (max-width: 300px) 100vw, 300px\" \/>Der Verein Gr\u00fcner Fleck ist in den Bereichen Entwicklung des l\u00e4ndlichen Raums und Ortsentwicklung, Natur-, Umwelt- und Verm\u00f6gensschutz sowie Bildung und Kultur seit 2013 t\u00e4tig. Der Verein besch\u00e4ftigt sich durch die Verbreitung von Kenntnissen in den Bereichen Natur- und Umweltschutz mit der Organisierung von verschiedenen Veranstaltungen, Camps, Bildungsprogrammen, Vorlesungen, Treffen und Ausfl\u00fcgen aber auch mit Forschungsprogrammen. Unter den Vereinsmitgliedern findet man einen Experten der Staatsverwaltung, einen Lehrer, einen Finanzexperten, der in der Verwaltung bewandert ist, einen Rechtsgelehrten, einen Informatiker, eine Krankenschwester, einen Rentner und einen Studenten. Sie alle lieben die Region und die Natur, sind alle Lokalpatrioten und versp\u00fcren eine Verantwortung gegen\u00fcber kommenden Generationen. All das hat sie zur Gr\u00fcndung des Vereins bewegt.<\/p>\n<p>Der Sitz des Vereins \u2013 der seine T\u00e4tigkeiten in der Region von Kis-Balaton, wo es kleine D\u00f6rfer gibt, aus\u00fcbt \u2013 befindet sich im 200 Seelen z\u00e4hlenden Dorf Zalamerenye. Wir halten es f\u00fcr wichtig, dass unter den Vereinsmitgliedern Einheimische und auch Menschen aus der Umgebung gibt. So sind sie mit all den Herausforderungen, denen Menschen, die hier wohnen angesichts ihrer unterschiedlichen Lebensumfelder ausgesetzt sind, vertraut. Dorf- und Stadtbewohner sind gezwungen, Antworten auf unterschiedliche umweltbezogene und gesellschaftliche Herausforderungen zu geben. Deshalb ist es wichtig, dass die Vereinsmitglieder mit den unterschiedlichen Umweltsystemen direkt verbunden sind, damit eine Sichtweise aus vielen Aspekten und diverses Herangehen an die Probleme garantiert werden k\u00f6nnen.<\/p>\n","protected":false},"excerpt":{"rendered":"<p>Der Verein Gr\u00fcner Fleck ist in den Bereichen Entwicklung des l\u00e4ndlichen Raums und Ortsentwicklung, Natur-, Umwelt- und Verm\u00f6gensschutz sowie Bildung und Kultur seit 2013 t\u00e4tig. Der Verein besch\u00e4ftigt sich durch die Verbreitung von Kenntnissen in den Bereichen Natur- und Umweltschutz mit der Organisierung von verschiedenen Veranstaltungen, Camps, Bildungsprogrammen, Vorlesungen, Treffen und Ausfl\u00fcgen aber auch mit <a href=\"https:\/\/www.zoldfolt.hu\/de\/wir-stellen-uns-vor\/\" class=\"more-link\">&#8230;<\/a><\/p>\n","protected":false},"author":1,"featured_media":0,"parent":0,"menu_order":0,"comment_status":"closed","ping_status":"closed","template":"","meta":{"footnotes":""},"class_list":["post-147","page","type-page","status-publish","hentry"],"_links":{"self":[{"href":"https:\/\/www.zoldfolt.hu\/de\/wp-json\/wp\/v2\/pages\/147","targetHints":{"allow":["GET"]}}],"collection":[{"href":"https:\/\/www.zoldfolt.hu\/de\/wp-json\/wp\/v2\/pages"}],"about":[{"href":"https:\/\/www.zoldfolt.hu\/de\/wp-json\/wp\/v2\/types\/page"}],"author":[{"embeddable":true,"href":"https:\/\/www.zoldfolt.hu\/de\/wp-json\/wp\/v2\/users\/1"}],"replies":[{"embeddable":true,"href":"https:\/\/www.zoldfolt.hu\/de\/wp-json\/wp\/v2\/comments?post=147"}],"version-history":[{"count":0,"href":"https:\/\/www.zoldfolt.hu\/de\/wp-json\/wp\/v2\/pages\/147\/revisions"}],"wp:attachment":[{"href":"https:\/\/www.zoldfolt.hu\/de\/wp-json\/wp\/v2\/media?parent=147"}],"curies":[{"name":"wp","href":"https:\/\/api.w.org\/{rel}","templated":true}]}}