{"id":145,"date":"2020-08-26T09:12:01","date_gmt":"2020-08-26T09:12:01","guid":{"rendered":"https:\/\/www.zoldfolt.hu\/?page_id=145"},"modified":"2020-08-26T09:12:01","modified_gmt":"2020-08-26T09:12:01","slug":"unsere-mission","status":"publish","type":"page","link":"https:\/\/www.zoldfolt.hu\/de\/unsere-mission\/","title":{"rendered":"Unsere Mission"},"content":{"rendered":"<p><img loading=\"lazy\" decoding=\"async\" class=\"alignright wp-image-44\" src=\"https:\/\/www.zoldfolt.hu\/files\/\/kuldetes-450x300.jpg\" alt=\"\" width=\"300\" height=\"200\" srcset=\"https:\/\/www.zoldfolt.hu\/files\/kuldetes-450x300.jpg 450w, https:\/\/www.zoldfolt.hu\/files\/kuldetes-900x601.jpg 900w, https:\/\/www.zoldfolt.hu\/files\/kuldetes.jpg 1200w\" sizes=\"auto, (max-width: 300px) 100vw, 300px\" \/>Der Verein Gr\u00fcner Fleck &#8211; Innovative L\u00f6sungen f\u00fcr den L\u00e4ndlichen Raum arbeitet in seiner derzeitigen Form seit 2013.<\/p>\n<p>Die wichtigsten Ziele des Vereins sind die Herausarbeitung und Umsetzung von Programmen und Projekten, damit den Orten in der N\u00e4he von Kis-Balaton und den Gemeinschaften ihrer Bewohner bei ihrer Integration und Konvergenz geholfen werden kann, besonders in den Bereichen Orts- und Gemeinschaftsentwicklung. Neben der F\u00f6rderung von Nachhaltigkeit und der Schaffung des Gleichgewichtes zwischen der nat\u00fcrlichen und menschlichen Umwelt m\u00f6chten wir auch die Idee der Freiwilligkeit promoten, verantwortungsvoll agierende Gemeinschaften zustande bringen und die hierzu erforderlichen Kenntnisse und Verfahren in weiten Kreisen verbreiten.<\/p>\n","protected":false},"excerpt":{"rendered":"<p>Der Verein Gr\u00fcner Fleck &#8211; Innovative L\u00f6sungen f\u00fcr den L\u00e4ndlichen Raum arbeitet in seiner derzeitigen Form seit 2013. Die wichtigsten Ziele des Vereins sind die Herausarbeitung und Umsetzung von Programmen und Projekten, damit den Orten in der N\u00e4he von Kis-Balaton und den Gemeinschaften ihrer Bewohner bei ihrer Integration und Konvergenz geholfen werden kann, besonders in <a href=\"https:\/\/www.zoldfolt.hu\/de\/unsere-mission\/\" class=\"more-link\">&#8230;<\/a><\/p>\n","protected":false},"author":1,"featured_media":0,"parent":0,"menu_order":0,"comment_status":"closed","ping_status":"closed","template":"","meta":{"footnotes":""},"class_list":["post-145","page","type-page","status-publish","hentry"],"_links":{"self":[{"href":"https:\/\/www.zoldfolt.hu\/de\/wp-json\/wp\/v2\/pages\/145","targetHints":{"allow":["GET"]}}],"collection":[{"href":"https:\/\/www.zoldfolt.hu\/de\/wp-json\/wp\/v2\/pages"}],"about":[{"href":"https:\/\/www.zoldfolt.hu\/de\/wp-json\/wp\/v2\/types\/page"}],"author":[{"embeddable":true,"href":"https:\/\/www.zoldfolt.hu\/de\/wp-json\/wp\/v2\/users\/1"}],"replies":[{"embeddable":true,"href":"https:\/\/www.zoldfolt.hu\/de\/wp-json\/wp\/v2\/comments?post=145"}],"version-history":[{"count":0,"href":"https:\/\/www.zoldfolt.hu\/de\/wp-json\/wp\/v2\/pages\/145\/revisions"}],"wp:attachment":[{"href":"https:\/\/www.zoldfolt.hu\/de\/wp-json\/wp\/v2\/media?parent=145"}],"curies":[{"name":"wp","href":"https:\/\/api.w.org\/{rel}","templated":true}]}}